{"id":967,"date":"2023-10-13T15:49:07","date_gmt":"2023-10-13T15:49:07","guid":{"rendered":"https:\/\/biennale.aeeps.org\/?page_id=967"},"modified":"2023-10-13T15:49:08","modified_gmt":"2023-10-13T15:49:08","slug":"axe-4-les-communications","status":"publish","type":"page","link":"https:\/\/biennale.aeeps.org\/index.php\/axe-4-les-communications\/","title":{"rendered":"Axe 4 &#8211; Les communications"},"content":{"rendered":"\n<figure class=\"wp-block-table\"><table><tbody><tr><td class=\"has-text-align-center\" data-align=\"center\"><strong>Exp\u00e9rience corporelle et \u00e9valuation<\/strong><br>Cet axe abordera les propositions qui facilitent l\u2019acc\u00e8s de chacun \u00e0 sa propre exp\u00e9rience corporelle. Elles renvoient d\u2019une part \u00e0 la connaissance de son action et d\u2019autre part \u00e0 la connaissance de soi dans l\u2019action. L\u2019interaction entre pairs, l\u2019observation de ses camarades, le retour ou la r\u00e9flexion sur l\u2019action, la prise de conscience, le travail sur soi, sur ses ressentis constituent autant de pistes pour acc\u00e9der au contenu de l\u2019exp\u00e9rience corporelle, qui en retour peut permettre de modifier sa fa\u00e7on d\u2019agir et d\u2019apprendre. L\u2019\u00e9l\u00e8ve construit ainsi une exp\u00e9rience corporelle qui lui permet de savoir s\u2019exercer ou s\u2019entrainer seul et\/ou avec d\u2019autres.<\/td><\/tr><\/tbody><\/table><\/figure>\n\n\n\n<p>32 &#8211; PAINTENDRE Aline, VORS Olivier<br>Une complexe \u00e9valuation de son corps : comment des approches mixtes permettent d\u2019enrichir l\u2019exp\u00e9rience corporelle de l\u2019\u00e9l\u00e8ve ?<\/p>\n\n\n\n<p><br>33 &#8211; FOESSEL Aur\u00e9lie (Groupe \u00ab Coop\u00e9r@ction \u00bb de l\u2019AE-EPS)<br>La course aux tickets : une forme de pratique scolaire vectrice d\u2019une exp\u00e9rience corporelle signifiante et coop\u00e9r@ctive en tennis de table.<\/p>\n\n\n\n<p><br>34 &#8211; PICH Isabelle, BOIZUMAUT Magali (Groupe \u00ab Analyse de pratiques \u00bb de l\u2019AE-EPS)<br>Utiliser des donn\u00e9es exp\u00e9rientielles issues des \u00e9l\u00e8ves pour comprendre, accompagner et transformer leur activit\u00e9 en EPS : des outils au service des \u00e9l\u00e8ves et de leurs enseignants<\/p>\n\n\n\n<p><br>35 &#8211; FERRIER Charly, MADELAIN Olivier<br>L\u2019\u00e9valuation de la mobilit\u00e9 articulaire de l\u2019\u00e9l\u00e8ve en EPS comme condition d\u2019acc\u00e8s \u00e0 de nouvelles exp\u00e9riences corporelles en musculation fonctionnelle.<\/p>\n\n\n\n<p><br>36 &#8211; BERNARD St\u00e9phanie, MARS Alexis, PEYRE Laurent (Groupe \u00ab EPIC \u00bb de l\u2019AE-EPS)<br>L\u2019\u00e9valuation par indicateur de comp\u00e9tence au service de l\u2019apprentissage : une d\u00e9marche pour apprendre \u00e0 reconna\u00eetre, int\u00e9grer et exploiter des exp\u00e9riences corporelles authentiques. Illustration en Badminton<\/p>\n\n\n\n<p><\/p>\n\n\n\n<p><\/p>\n\n\n\n<p><br>&nbsp;&nbsp;&nbsp;&nbsp;<\/p>\n","protected":false},"excerpt":{"rendered":"<p>Exp\u00e9rience corporelle et \u00e9valuationCet axe abordera les propositions qui facilitent l\u2019acc\u00e8s de chacun \u00e0 sa propre exp\u00e9rience corporelle. Elles renvoient d\u2019une part \u00e0 la connaissance&#8230;<\/p>\n","protected":false},"author":1,"featured_media":0,"parent":0,"menu_order":0,"comment_status":"closed","ping_status":"closed","template":"","meta":{"footnotes":""},"class_list":["post-967","page","type-page","status-publish","hentry"],"yoast_head":"<!-- This site is optimized with the Yoast SEO plugin v21.3 - https:\/\/yoast.com\/wordpress\/plugins\/seo\/ -->\n<title>Axe 4 - Les communications - BIENNALE AEEPS<\/title>\n<meta name=\"robots\" content=\"index, follow, max-snippet:-1, max-image-preview:large, max-video-preview:-1\" \/>\n<link rel=\"canonical\" href=\"https:\/\/biennale.aeeps.org\/index.php\/axe-4-les-communications\/\" \/>\n<meta property=\"og:locale\" content=\"fr_FR\" \/>\n<meta property=\"og:type\" content=\"article\" \/>\n<meta property=\"og:title\" content=\"Axe 4 - Les communications - BIENNALE AEEPS\" \/>\n<meta property=\"og:description\" content=\"Exp\u00e9rience corporelle et \u00e9valuationCet axe abordera les propositions qui facilitent l\u2019acc\u00e8s de chacun \u00e0 sa propre exp\u00e9rience corporelle. Elles renvoient d\u2019une part \u00e0 la connaissance...\" \/>\n<meta property=\"og:url\" content=\"https:\/\/biennale.aeeps.org\/index.php\/axe-4-les-communications\/\" \/>\n<meta property=\"og:site_name\" content=\"BIENNALE AEEPS\" \/>\n<meta property=\"article:publisher\" content=\"https:\/\/www.facebook.com\/profile.php?id=100064564634996\" \/>\n<meta property=\"article:modified_time\" content=\"2023-10-13T15:49:08+00:00\" \/>\n<meta name=\"twitter:card\" content=\"summary_large_image\" \/>\n<meta name=\"twitter:site\" content=\"@AEEPS\" \/>\n<meta name=\"twitter:label1\" content=\"Dur\u00e9e de lecture estim\u00e9e\" \/>\n\t<meta name=\"twitter:data1\" content=\"2 minutes\" \/>\n<script type=\"application\/ld+json\" class=\"yoast-schema-graph\">{\"@context\":\"https:\/\/schema.org\",\"@graph\":[{\"@type\":\"WebPage\",\"@id\":\"https:\/\/biennale.aeeps.org\/index.php\/axe-4-les-communications\/\",\"url\":\"https:\/\/biennale.aeeps.org\/index.php\/axe-4-les-communications\/\",\"name\":\"Axe 4 - Les communications - BIENNALE AEEPS\",\"isPartOf\":{\"@id\":\"https:\/\/biennale.aeeps.org\/#website\"},\"datePublished\":\"2023-10-13T15:49:07+00:00\",\"dateModified\":\"2023-10-13T15:49:08+00:00\",\"breadcrumb\":{\"@id\":\"https:\/\/biennale.aeeps.org\/index.php\/axe-4-les-communications\/#breadcrumb\"},\"inLanguage\":\"fr-FR\",\"potentialAction\":[{\"@type\":\"ReadAction\",\"target\":[\"https:\/\/biennale.aeeps.org\/index.php\/axe-4-les-communications\/\"]}]},{\"@type\":\"BreadcrumbList\",\"@id\":\"https:\/\/biennale.aeeps.org\/index.php\/axe-4-les-communications\/#breadcrumb\",\"itemListElement\":[{\"@type\":\"ListItem\",\"position\":1,\"name\":\"Accueil\",\"item\":\"https:\/\/biennale.aeeps.org\/\"},{\"@type\":\"ListItem\",\"position\":2,\"name\":\"Axe 4 &#8211; Les communications\"}]},{\"@type\":\"WebSite\",\"@id\":\"https:\/\/biennale.aeeps.org\/#website\",\"url\":\"https:\/\/biennale.aeeps.org\/\",\"name\":\"BIENNALE AEEPS\",\"description\":\"2023\",\"publisher\":{\"@id\":\"https:\/\/biennale.aeeps.org\/#organization\"},\"potentialAction\":[{\"@type\":\"SearchAction\",\"target\":{\"@type\":\"EntryPoint\",\"urlTemplate\":\"https:\/\/biennale.aeeps.org\/?s={search_term_string}\"},\"query-input\":\"required name=search_term_string\"}],\"inLanguage\":\"fr-FR\"},{\"@type\":\"Organization\",\"@id\":\"https:\/\/biennale.aeeps.org\/#organization\",\"name\":\"BIENNALE AEEPS\",\"url\":\"https:\/\/biennale.aeeps.org\/\",\"logo\":{\"@type\":\"ImageObject\",\"inLanguage\":\"fr-FR\",\"@id\":\"https:\/\/biennale.aeeps.org\/#\/schema\/logo\/image\/\",\"url\":\"https:\/\/biennale.aeeps.org\/wp-content\/uploads\/2023\/08\/logo-aeeps-biennale-2023.png\",\"contentUrl\":\"https:\/\/biennale.aeeps.org\/wp-content\/uploads\/2023\/08\/logo-aeeps-biennale-2023.png\",\"width\":1015,\"height\":289,\"caption\":\"BIENNALE AEEPS\"},\"image\":{\"@id\":\"https:\/\/biennale.aeeps.org\/#\/schema\/logo\/image\/\"},\"sameAs\":[\"https:\/\/www.facebook.com\/profile.php?id=100064564634996\",\"https:\/\/twitter.com\/AEEPS\"]}]}<\/script>\n<!-- \/ Yoast SEO plugin. -->","yoast_head_json":{"title":"Axe 4 - Les communications - BIENNALE AEEPS","robots":{"index":"index","follow":"follow","max-snippet":"max-snippet:-1","max-image-preview":"max-image-preview:large","max-video-preview":"max-video-preview:-1"},"canonical":"https:\/\/biennale.aeeps.org\/index.php\/axe-4-les-communications\/","og_locale":"fr_FR","og_type":"article","og_title":"Axe 4 - Les communications - BIENNALE AEEPS","og_description":"Exp\u00e9rience corporelle et \u00e9valuationCet axe abordera les propositions qui facilitent l\u2019acc\u00e8s de chacun \u00e0 sa propre exp\u00e9rience corporelle. Elles renvoient d\u2019une part \u00e0 la connaissance...","og_url":"https:\/\/biennale.aeeps.org\/index.php\/axe-4-les-communications\/","og_site_name":"BIENNALE AEEPS","article_publisher":"https:\/\/www.facebook.com\/profile.php?id=100064564634996","article_modified_time":"2023-10-13T15:49:08+00:00","twitter_card":"summary_large_image","twitter_site":"@AEEPS","twitter_misc":{"Dur\u00e9e de lecture estim\u00e9e":"2 minutes"},"schema":{"@context":"https:\/\/schema.org","@graph":[{"@type":"WebPage","@id":"https:\/\/biennale.aeeps.org\/index.php\/axe-4-les-communications\/","url":"https:\/\/biennale.aeeps.org\/index.php\/axe-4-les-communications\/","name":"Axe 4 - Les communications - BIENNALE AEEPS","isPartOf":{"@id":"https:\/\/biennale.aeeps.org\/#website"},"datePublished":"2023-10-13T15:49:07+00:00","dateModified":"2023-10-13T15:49:08+00:00","breadcrumb":{"@id":"https:\/\/biennale.aeeps.org\/index.php\/axe-4-les-communications\/#breadcrumb"},"inLanguage":"fr-FR","potentialAction":[{"@type":"ReadAction","target":["https:\/\/biennale.aeeps.org\/index.php\/axe-4-les-communications\/"]}]},{"@type":"BreadcrumbList","@id":"https:\/\/biennale.aeeps.org\/index.php\/axe-4-les-communications\/#breadcrumb","itemListElement":[{"@type":"ListItem","position":1,"name":"Accueil","item":"https:\/\/biennale.aeeps.org\/"},{"@type":"ListItem","position":2,"name":"Axe 4 &#8211; Les communications"}]},{"@type":"WebSite","@id":"https:\/\/biennale.aeeps.org\/#website","url":"https:\/\/biennale.aeeps.org\/","name":"BIENNALE AEEPS","description":"2023","publisher":{"@id":"https:\/\/biennale.aeeps.org\/#organization"},"potentialAction":[{"@type":"SearchAction","target":{"@type":"EntryPoint","urlTemplate":"https:\/\/biennale.aeeps.org\/?s={search_term_string}"},"query-input":"required name=search_term_string"}],"inLanguage":"fr-FR"},{"@type":"Organization","@id":"https:\/\/biennale.aeeps.org\/#organization","name":"BIENNALE AEEPS","url":"https:\/\/biennale.aeeps.org\/","logo":{"@type":"ImageObject","inLanguage":"fr-FR","@id":"https:\/\/biennale.aeeps.org\/#\/schema\/logo\/image\/","url":"https:\/\/biennale.aeeps.org\/wp-content\/uploads\/2023\/08\/logo-aeeps-biennale-2023.png","contentUrl":"https:\/\/biennale.aeeps.org\/wp-content\/uploads\/2023\/08\/logo-aeeps-biennale-2023.png","width":1015,"height":289,"caption":"BIENNALE AEEPS"},"image":{"@id":"https:\/\/biennale.aeeps.org\/#\/schema\/logo\/image\/"},"sameAs":["https:\/\/www.facebook.com\/profile.php?id=100064564634996","https:\/\/twitter.com\/AEEPS"]}]}},"_links":{"self":[{"href":"https:\/\/biennale.aeeps.org\/index.php\/wp-json\/wp\/v2\/pages\/967","targetHints":{"allow":["GET"]}}],"collection":[{"href":"https:\/\/biennale.aeeps.org\/index.php\/wp-json\/wp\/v2\/pages"}],"about":[{"href":"https:\/\/biennale.aeeps.org\/index.php\/wp-json\/wp\/v2\/types\/page"}],"author":[{"embeddable":true,"href":"https:\/\/biennale.aeeps.org\/index.php\/wp-json\/wp\/v2\/users\/1"}],"replies":[{"embeddable":true,"href":"https:\/\/biennale.aeeps.org\/index.php\/wp-json\/wp\/v2\/comments?post=967"}],"version-history":[{"count":1,"href":"https:\/\/biennale.aeeps.org\/index.php\/wp-json\/wp\/v2\/pages\/967\/revisions"}],"predecessor-version":[{"id":968,"href":"https:\/\/biennale.aeeps.org\/index.php\/wp-json\/wp\/v2\/pages\/967\/revisions\/968"}],"wp:attachment":[{"href":"https:\/\/biennale.aeeps.org\/index.php\/wp-json\/wp\/v2\/media?parent=967"}],"curies":[{"name":"wp","href":"https:\/\/api.w.org\/{rel}","templated":true}]}}