{"id":964,"date":"2023-10-13T15:47:04","date_gmt":"2023-10-13T15:47:04","guid":{"rendered":"https:\/\/biennale.aeeps.org\/?page_id=964"},"modified":"2023-10-13T15:47:04","modified_gmt":"2023-10-13T15:47:04","slug":"axe-3-les-communications","status":"publish","type":"page","link":"https:\/\/biennale.aeeps.org\/index.php\/axe-3-les-communications\/","title":{"rendered":"Axe 3 &#8211; Les communications"},"content":{"rendered":"\n<figure class=\"wp-block-table\"><table><tbody><tr><td class=\"has-text-align-center\" data-align=\"center\"><strong>Exp\u00e9rience corporelle, contenus d\u2019enseignement et progr\u00e8s moteurs<\/strong><br>Les propositions t\u00e2cheront de montrer en quoi et comment le v\u00e9cu de l\u2019exp\u00e9rience corporelle pass\u00e9e, a une incidence sur le sens, les significations et la motivation que l\u2019\u00e9l\u00e8ve accorde \u00e0 son action motrice et qui peuvent faire obstacle aux contenus d\u2019enseignement propos\u00e9s. Elles pr\u00e9ciseront les choix que l\u2019enseignant peut faire pour que les apprentissages moteurs soient r\u00e9ellement efficients sur le moyen et long terme, permettant ainsi d\u2019enrichir durablement l\u2019exp\u00e9rience corporelle de l\u2019\u00e9l\u00e8ve. Cet axe sera aussi l\u2019occasion de d\u00e9terminer les conditions qui permettent, au mieux, de prendre en compte la singularit\u00e9 de l\u2019exp\u00e9rience corporelle pour que chacun puisse progresser.<\/td><\/tr><\/tbody><\/table><\/figure>\n\n\n\n<p>17 &#8211; MOTTET Martin<br>Vivre des exp\u00e9riences corporelles en CO en EPS : relier l\u2019intime au culturel.<\/p>\n\n\n\n<p><br>18 &#8211; BEULAIGNE Sandrine, PREHAUT C\u00e9dric<br>LE TRAJET : une trace \u00e0 suivre pour exp\u00e9rimenter le \u00ab corps sensible \u00bb.<\/p>\n\n\n\n<p><br>19 &#8211; DEVEZEAUX Arnaud, LE CORRE Ga\u00ebtan (Groupe \u00ab Analyse de pratiques \u00bb de l\u2019AE-EPS)<br>Du 2 contre 2 au 4 contre 4 en volley-ball : quel continuum d\u2019exp\u00e9riences corporelles ?<\/p>\n\n\n\n<p><br>20 &#8211; LEFEBVRE Alexandre, PIOT Laure<br>\u00ab Retour \u00e0 l\u2019envoyeur \u00bb : l\u2019ancrage corporel d\u2019une FPS autour d\u2019un savoir perceptivo-d\u00e9cisionnel en sports de raquette.<\/p>\n\n\n\n<p><br>21 &#8211; HANULA Ghislain, MAYEKO Teddy, DAUPHAS \u00c9ric,<br>Aller plus loin pour performer : une exp\u00e9rience corporelle authentique en combin\u00e9 athl\u00e9tique.<\/p>\n\n\n\n<p><br>22 &#8211; METZLER Julien (Groupe \u00ab CEDREPS \u00bb de l\u2019AE-EPS)<br>D\u00e9finir le fonds culturel et les objets d\u2019enseignement pour ne pas \u00ab bloquer \u00bb la possibilit\u00e9 pour l\u2019\u00e9l\u00e8ve de vivre une exp\u00e9rience corporelle singuli\u00e8re, de progresser et d\u2019acqu\u00e9rir une culture.<\/p>\n\n\n\n<p><br>23 &#8211; TERR\u00c9 Nicolas, AD\u00c9 David (Groupe \u00ab Analyse de Pratiques \u00bb de l\u2019AE-EPS)<br>Penser les contenus en termes d\u2019exp\u00e9riences \u00e0 encourager.<\/p>\n\n\n\n<p><br>24 &#8211; DE VISSCHER Gr\u00e9gory, STROSBERG Ga\u00ebtan<br>Judo de mouvement, ippon total : faire l\u2019exp\u00e9rience d\u2019un \u00ab combat \u00e0 sensations \u00bb.<\/p>\n\n\n\n<p><br>25 &#8211; DESFACHELLES Fabien (Groupe \u00ab PLAISIR &amp; EPS \u00bb de l&rsquo;AE-EPS)<br>\u00ab In the zone ! \u00bb : un continuum d\u2019exp\u00e9riences corporelles au service d\u2019un enrichissement des conduites motrices en basket-ball.<\/p>\n\n\n\n<p><br>26 &#8211; DESPLANQUES Florent, Le ROY Dimitri<br>Les \u00ab matchs-race \u00bb : entre exp\u00e9riences corporelles vari\u00e9es et progr\u00e8s moteurs cibl\u00e9s en combin\u00e9 athl\u00e9tique.<\/p>\n\n\n\n<p><br>27 &#8211; SIMON-MALLERET Lucas, PERES Hadrien,<br>La peur dans l\u2019enseignement de l\u2019escalade : Probl\u00e8me p\u00e9dagogique ou exp\u00e9rience \u00e0 faire vivre ?<\/p>\n\n\n\n<p><br>28 &#8211; LAVIE Fran\u00e7ois, GUINOT J\u00e9r\u00f4me (Groupe \u00ab PLAISIR &amp; EPS \u00bb de l&rsquo;AE-EPS)<br>L\u2019optimisation et la transformation des conduites motrices au service d\u2019une exp\u00e9rience corporelle positives en EPS.<\/p>\n\n\n\n<p><br>29 &#8211; FAYAUBOST R\u00e9gis, ROCHE Lionel<br>Savoir nager. Apprendre des exp\u00e9riences corporelles n\u00e9gatives, \u00e9l\u00e9ments d\u2019analyse et pistes de transformation : l\u2019exp\u00e9rimentation PHOBIES 360.<\/p>\n\n\n\n<p><br>30 &#8211; PAPOT Romuald, RAUCHE Sylvain<br>Probl\u00e9matiser la mont\u00e9e de balle avec des \u00e9l\u00e8ves de LP. Une exp\u00e9rience corporelle collective en handball.<\/p>\n\n\n\n<p><br>31 &#8211; AUGER Ana\u00efs, PELLEGRIN Paoline<br>Les exp\u00e9riences corporelles en volley-ball : compl\u00e9mentarit\u00e9 ou contradiction avec les autres sports collectifs ?<\/p>\n\n\n\n<p><\/p>\n\n\n\n<p><\/p>\n\n\n\n<p><br>&nbsp;&nbsp;&nbsp;&nbsp;<\/p>\n","protected":false},"excerpt":{"rendered":"<p>Exp\u00e9rience corporelle, contenus d\u2019enseignement et progr\u00e8s moteursLes propositions t\u00e2cheront de montrer en quoi et comment le v\u00e9cu de l\u2019exp\u00e9rience corporelle pass\u00e9e, a une incidence sur&#8230;<\/p>\n","protected":false},"author":1,"featured_media":0,"parent":0,"menu_order":0,"comment_status":"closed","ping_status":"closed","template":"","meta":{"footnotes":""},"class_list":["post-964","page","type-page","status-publish","hentry"],"yoast_head":"<!-- This site is optimized with the Yoast SEO plugin v21.3 - https:\/\/yoast.com\/wordpress\/plugins\/seo\/ -->\n<title>Axe 3 - Les communications - BIENNALE AEEPS<\/title>\n<meta name=\"robots\" content=\"index, follow, max-snippet:-1, max-image-preview:large, max-video-preview:-1\" \/>\n<link rel=\"canonical\" href=\"https:\/\/biennale.aeeps.org\/index.php\/axe-3-les-communications\/\" \/>\n<meta property=\"og:locale\" content=\"fr_FR\" \/>\n<meta property=\"og:type\" content=\"article\" \/>\n<meta property=\"og:title\" content=\"Axe 3 - Les communications - BIENNALE AEEPS\" \/>\n<meta property=\"og:description\" content=\"Exp\u00e9rience corporelle, contenus d\u2019enseignement et progr\u00e8s moteursLes propositions t\u00e2cheront de montrer en quoi et comment le v\u00e9cu de l\u2019exp\u00e9rience corporelle pass\u00e9e, a une incidence sur...\" \/>\n<meta property=\"og:url\" content=\"https:\/\/biennale.aeeps.org\/index.php\/axe-3-les-communications\/\" \/>\n<meta property=\"og:site_name\" content=\"BIENNALE AEEPS\" \/>\n<meta property=\"article:publisher\" content=\"https:\/\/www.facebook.com\/profile.php?id=100064564634996\" \/>\n<meta name=\"twitter:card\" content=\"summary_large_image\" \/>\n<meta name=\"twitter:site\" content=\"@AEEPS\" \/>\n<meta name=\"twitter:label1\" content=\"Dur\u00e9e de lecture estim\u00e9e\" \/>\n\t<meta name=\"twitter:data1\" content=\"3 minutes\" \/>\n<script type=\"application\/ld+json\" class=\"yoast-schema-graph\">{\"@context\":\"https:\/\/schema.org\",\"@graph\":[{\"@type\":\"WebPage\",\"@id\":\"https:\/\/biennale.aeeps.org\/index.php\/axe-3-les-communications\/\",\"url\":\"https:\/\/biennale.aeeps.org\/index.php\/axe-3-les-communications\/\",\"name\":\"Axe 3 - Les communications - BIENNALE AEEPS\",\"isPartOf\":{\"@id\":\"https:\/\/biennale.aeeps.org\/#website\"},\"datePublished\":\"2023-10-13T15:47:04+00:00\",\"dateModified\":\"2023-10-13T15:47:04+00:00\",\"breadcrumb\":{\"@id\":\"https:\/\/biennale.aeeps.org\/index.php\/axe-3-les-communications\/#breadcrumb\"},\"inLanguage\":\"fr-FR\",\"potentialAction\":[{\"@type\":\"ReadAction\",\"target\":[\"https:\/\/biennale.aeeps.org\/index.php\/axe-3-les-communications\/\"]}]},{\"@type\":\"BreadcrumbList\",\"@id\":\"https:\/\/biennale.aeeps.org\/index.php\/axe-3-les-communications\/#breadcrumb\",\"itemListElement\":[{\"@type\":\"ListItem\",\"position\":1,\"name\":\"Accueil\",\"item\":\"https:\/\/biennale.aeeps.org\/\"},{\"@type\":\"ListItem\",\"position\":2,\"name\":\"Axe 3 &#8211; Les communications\"}]},{\"@type\":\"WebSite\",\"@id\":\"https:\/\/biennale.aeeps.org\/#website\",\"url\":\"https:\/\/biennale.aeeps.org\/\",\"name\":\"BIENNALE AEEPS\",\"description\":\"2023\",\"publisher\":{\"@id\":\"https:\/\/biennale.aeeps.org\/#organization\"},\"potentialAction\":[{\"@type\":\"SearchAction\",\"target\":{\"@type\":\"EntryPoint\",\"urlTemplate\":\"https:\/\/biennale.aeeps.org\/?s={search_term_string}\"},\"query-input\":\"required name=search_term_string\"}],\"inLanguage\":\"fr-FR\"},{\"@type\":\"Organization\",\"@id\":\"https:\/\/biennale.aeeps.org\/#organization\",\"name\":\"BIENNALE AEEPS\",\"url\":\"https:\/\/biennale.aeeps.org\/\",\"logo\":{\"@type\":\"ImageObject\",\"inLanguage\":\"fr-FR\",\"@id\":\"https:\/\/biennale.aeeps.org\/#\/schema\/logo\/image\/\",\"url\":\"https:\/\/biennale.aeeps.org\/wp-content\/uploads\/2023\/08\/logo-aeeps-biennale-2023.png\",\"contentUrl\":\"https:\/\/biennale.aeeps.org\/wp-content\/uploads\/2023\/08\/logo-aeeps-biennale-2023.png\",\"width\":1015,\"height\":289,\"caption\":\"BIENNALE AEEPS\"},\"image\":{\"@id\":\"https:\/\/biennale.aeeps.org\/#\/schema\/logo\/image\/\"},\"sameAs\":[\"https:\/\/www.facebook.com\/profile.php?id=100064564634996\",\"https:\/\/twitter.com\/AEEPS\"]}]}<\/script>\n<!-- \/ Yoast SEO plugin. -->","yoast_head_json":{"title":"Axe 3 - Les communications - BIENNALE AEEPS","robots":{"index":"index","follow":"follow","max-snippet":"max-snippet:-1","max-image-preview":"max-image-preview:large","max-video-preview":"max-video-preview:-1"},"canonical":"https:\/\/biennale.aeeps.org\/index.php\/axe-3-les-communications\/","og_locale":"fr_FR","og_type":"article","og_title":"Axe 3 - Les communications - BIENNALE AEEPS","og_description":"Exp\u00e9rience corporelle, contenus d\u2019enseignement et progr\u00e8s moteursLes propositions t\u00e2cheront de montrer en quoi et comment le v\u00e9cu de l\u2019exp\u00e9rience corporelle pass\u00e9e, a une incidence sur...","og_url":"https:\/\/biennale.aeeps.org\/index.php\/axe-3-les-communications\/","og_site_name":"BIENNALE AEEPS","article_publisher":"https:\/\/www.facebook.com\/profile.php?id=100064564634996","twitter_card":"summary_large_image","twitter_site":"@AEEPS","twitter_misc":{"Dur\u00e9e de lecture estim\u00e9e":"3 minutes"},"schema":{"@context":"https:\/\/schema.org","@graph":[{"@type":"WebPage","@id":"https:\/\/biennale.aeeps.org\/index.php\/axe-3-les-communications\/","url":"https:\/\/biennale.aeeps.org\/index.php\/axe-3-les-communications\/","name":"Axe 3 - Les communications - BIENNALE AEEPS","isPartOf":{"@id":"https:\/\/biennale.aeeps.org\/#website"},"datePublished":"2023-10-13T15:47:04+00:00","dateModified":"2023-10-13T15:47:04+00:00","breadcrumb":{"@id":"https:\/\/biennale.aeeps.org\/index.php\/axe-3-les-communications\/#breadcrumb"},"inLanguage":"fr-FR","potentialAction":[{"@type":"ReadAction","target":["https:\/\/biennale.aeeps.org\/index.php\/axe-3-les-communications\/"]}]},{"@type":"BreadcrumbList","@id":"https:\/\/biennale.aeeps.org\/index.php\/axe-3-les-communications\/#breadcrumb","itemListElement":[{"@type":"ListItem","position":1,"name":"Accueil","item":"https:\/\/biennale.aeeps.org\/"},{"@type":"ListItem","position":2,"name":"Axe 3 &#8211; Les communications"}]},{"@type":"WebSite","@id":"https:\/\/biennale.aeeps.org\/#website","url":"https:\/\/biennale.aeeps.org\/","name":"BIENNALE AEEPS","description":"2023","publisher":{"@id":"https:\/\/biennale.aeeps.org\/#organization"},"potentialAction":[{"@type":"SearchAction","target":{"@type":"EntryPoint","urlTemplate":"https:\/\/biennale.aeeps.org\/?s={search_term_string}"},"query-input":"required name=search_term_string"}],"inLanguage":"fr-FR"},{"@type":"Organization","@id":"https:\/\/biennale.aeeps.org\/#organization","name":"BIENNALE AEEPS","url":"https:\/\/biennale.aeeps.org\/","logo":{"@type":"ImageObject","inLanguage":"fr-FR","@id":"https:\/\/biennale.aeeps.org\/#\/schema\/logo\/image\/","url":"https:\/\/biennale.aeeps.org\/wp-content\/uploads\/2023\/08\/logo-aeeps-biennale-2023.png","contentUrl":"https:\/\/biennale.aeeps.org\/wp-content\/uploads\/2023\/08\/logo-aeeps-biennale-2023.png","width":1015,"height":289,"caption":"BIENNALE AEEPS"},"image":{"@id":"https:\/\/biennale.aeeps.org\/#\/schema\/logo\/image\/"},"sameAs":["https:\/\/www.facebook.com\/profile.php?id=100064564634996","https:\/\/twitter.com\/AEEPS"]}]}},"_links":{"self":[{"href":"https:\/\/biennale.aeeps.org\/index.php\/wp-json\/wp\/v2\/pages\/964","targetHints":{"allow":["GET"]}}],"collection":[{"href":"https:\/\/biennale.aeeps.org\/index.php\/wp-json\/wp\/v2\/pages"}],"about":[{"href":"https:\/\/biennale.aeeps.org\/index.php\/wp-json\/wp\/v2\/types\/page"}],"author":[{"embeddable":true,"href":"https:\/\/biennale.aeeps.org\/index.php\/wp-json\/wp\/v2\/users\/1"}],"replies":[{"embeddable":true,"href":"https:\/\/biennale.aeeps.org\/index.php\/wp-json\/wp\/v2\/comments?post=964"}],"version-history":[{"count":1,"href":"https:\/\/biennale.aeeps.org\/index.php\/wp-json\/wp\/v2\/pages\/964\/revisions"}],"predecessor-version":[{"id":966,"href":"https:\/\/biennale.aeeps.org\/index.php\/wp-json\/wp\/v2\/pages\/964\/revisions\/966"}],"wp:attachment":[{"href":"https:\/\/biennale.aeeps.org\/index.php\/wp-json\/wp\/v2\/media?parent=964"}],"curies":[{"name":"wp","href":"https:\/\/api.w.org\/{rel}","templated":true}]}}