{"id":330,"date":"2016-11-11T12:43:30","date_gmt":"2016-11-11T12:43:30","guid":{"rendered":"https:\/\/milano.foxthemes.me\/?page_id=330"},"modified":"2023-10-15T14:16:21","modified_gmt":"2023-10-15T14:16:21","slug":"pricing","status":"publish","type":"page","link":"https:\/\/biennale.aeeps.org\/index.php\/pricing\/","title":{"rendered":"Tarifs"},"content":{"rendered":"<section class=\"wpb-content-wrapper\"><p>[vc_row full_width=\u00a0\u00bbstretch_row_content_no_spaces\u00a0\u00bb desctop_pt=\u00a0\u00bbpadd-lg-t90&Prime; mobile_pt=\u00a0\u00bbpadd-xs-t40&Prime; css=\u00a0\u00bb.vc_custom_1490795542535{background-color: #242526 !important;}\u00a0\u00bb][vc_column css=\u00a0\u00bb.vc_custom_1472821005283{padding-top: 0px !important;}\u00a0\u00bb][milano_heading title=\u00a0\u00bbLes tarifs\u00a0\u00bb style_heading=\u00a0\u00bblight\u00a0\u00bb]L&rsquo;acc\u00e8s \u00e0 la biennale est valable pour les 2 journ\u00e9es[\/milano_heading][vc_column_text]<a class=\"shop_frame\" title=\"Vente de billets en ligne\" href=\"https:\/\/www.billetweb.fr\/shop.php?event=biennale-2023\" target=\"_blank\" rel=\"noopener\" data-src=\"https:\/\/www.billetweb.fr\/shop.php?event=biennale-2023\" data-max-width=\"100%\" data-initial-height=\"600\" data-scrolling=\"no\" data-id=\"biennale-2023\" data-resize=\"1\">Vente de billets en ligne<\/a><script type=\"text\/javascript\" src=\"https:\/\/www.billetweb.fr\/js\/export.js\"><\/script>[\/vc_column_text][\/vc_column][\/vc_row][vc_row desctop_mt=\u00a0\u00bbmarg-lg-t65&Prime; desctop_mb=\u00a0\u00bbmarg-lg-b100&Prime; mobile_mt=\u00a0\u00bbmarg-xs-t25&Prime; mobile_mb=\u00a0\u00bbmarg-xs-b45&Prime;][vc_column][milano_download image=\u00a0\u00bb748&Prime; button=\u00a0\u00bburl:https%3A%2F%2Fbiennale.aeeps.org%2Fwp-content%2Fuploads%2F2023%2F10%2FPlaquette-Biennale-2023.pdf|title:T%C3%A9l%C3%A9charger|target:_blank\u00a0\u00bb]<\/p>\n<h2>T\u00e9l\u00e9charger le livret d&rsquo;accueil<\/h2>\n<p>L\u2019exp\u00e9rience corporelle : un concept int\u00e9grateur au service de l\u2019\u00e9ducation de l\u2019\u00e9l\u00e8ve en EPS[\/milano_download][\/vc_column][\/vc_row][vc_row full_width=\u00a0\u00bbstretch_row\u00a0\u00bb equal_height=\u00a0\u00bbyes\u00a0\u00bb desctop_pt=\u00a0\u00bbpadd-lg-t70&Prime; desctop_pb=\u00a0\u00bbpadd-lg-b100&Prime; mobile_pt=\u00a0\u00bbpadd-xs-t0&Prime; mobile_pb=\u00a0\u00bbpadd-xs-b50&Prime; css=\u00a0\u00bb.vc_custom_1491301547783{background-color: #f5f5f5 !important;}\u00a0\u00bb][vc_column][milano_heading title=\u00a0\u00bbQuelques mots\u00a0\u00bb]Afin de nous aider \u00e0 entrer dans cet \u00e9v\u00e8nement important pour l&rsquo;enseignement de l&rsquo;EPS[\/milano_heading][\/vc_column][vc_column width=\u00a0\u00bb1\/3&Prime;][milano_testimonials text=\u00a0\u00bbNous tenons ainsi \u00e0 remercier l\u2019Universit\u00e9 de Poitiers ; notamment M. Aur\u00e9lien PICHON Aur\u00e9lien, directeur du d\u00e9partement S.T.A.P.S. et M. Nicolas HAYER, directeur adjoint et directeur du S.U.A.P.S pour avoir accept\u00e9 de nous accueillir.\u00a0\u00bb name=\u00a0\u00bbPAINDAVOINE Fabrice\u00a0\u00bb position=\u00a0\u00bbCo-Pr\u00e9sident de l\u2019A.E.E.P.S\u00a0\u00bb][\/vc_column][vc_column width=\u00a0\u00bb1\/3&Prime;][milano_testimonials text=\u00a0\u00bble texte arrive\u00a0\u00bb name=\u00a0\u00bbMAGNAIN Thomas\u00a0\u00bb position=\u00a0\u00bbPr\u00e9sident R\u00e9gionale AEEPS de Potiers\u00a0\u00bb][\/vc_column][vc_column width=\u00a0\u00bb1\/3&Prime;][milano_testimonials text=\u00a0\u00bbEn cours d&rsquo;\u00e9criture\u00a0\u00bb name=\u00a0\u00bbEn cours d&rsquo;\u00e9criture\u00a0\u00bb position=\u00a0\u00bbEn cours d&rsquo;\u00e9criture\u00a0\u00bb][\/vc_column][\/vc_row]<\/p>\n<\/section>","protected":false},"excerpt":{"rendered":"<p>[vc_row full_width=\u00a0\u00bbstretch_row_content_no_spaces\u00a0\u00bb desctop_pt=\u00a0\u00bbpadd-lg-t90&Prime; mobile_pt=\u00a0\u00bbpadd-xs-t40&Prime; css=\u00a0\u00bb.vc_custom_1490795542535{background-color: #242526 !important;}\u00a0\u00bb][vc_column css=\u00a0\u00bb.vc_custom_1472821005283{padding-top: 0px !important;}\u00a0\u00bb][milano_heading title=\u00a0\u00bbLes tarifs\u00a0\u00bb style_heading=\u00a0\u00bblight\u00a0\u00bb]L&rsquo;acc\u00e8s \u00e0 la biennale est valable pour les 2 journ\u00e9es[\/milano_heading][vc_column_text]Vente de billets en&#8230;<\/p>\n","protected":false},"author":1,"featured_media":0,"parent":0,"menu_order":6,"comment_status":"closed","ping_status":"closed","template":"","meta":{"footnotes":""},"class_list":["post-330","page","type-page","status-publish","hentry"],"yoast_head":"<!-- This site is optimized with the Yoast SEO plugin v21.3 - https:\/\/yoast.com\/wordpress\/plugins\/seo\/ -->\n<title>Tarifs - BIENNALE AEEPS<\/title>\n<meta name=\"robots\" content=\"index, follow, max-snippet:-1, max-image-preview:large, max-video-preview:-1\" \/>\n<link rel=\"canonical\" href=\"https:\/\/biennale.aeeps.org\/index.php\/pricing\/\" \/>\n<meta property=\"og:locale\" content=\"fr_FR\" \/>\n<meta property=\"og:type\" content=\"article\" \/>\n<meta property=\"og:title\" content=\"Tarifs - BIENNALE AEEPS\" \/>\n<meta property=\"og:description\" content=\"[vc_row full_width=\u00a0\u00bbstretch_row_content_no_spaces\u00a0\u00bb desctop_pt=\u00a0\u00bbpadd-lg-t90&Prime; mobile_pt=\u00a0\u00bbpadd-xs-t40&Prime; css=\u00a0\u00bb.vc_custom_1490795542535{background-color: #242526 !important;}\u00a0\u00bb][vc_column css=\u00a0\u00bb.vc_custom_1472821005283{padding-top: 0px !important;}\u00a0\u00bb][milano_heading title=\u00a0\u00bbLes tarifs\u00a0\u00bb style_heading=\u00a0\u00bblight\u00a0\u00bb]L&rsquo;acc\u00e8s \u00e0 la biennale est valable pour les 2 journ\u00e9es[\/milano_heading][vc_column_text]Vente de billets en...\" \/>\n<meta property=\"og:url\" content=\"https:\/\/biennale.aeeps.org\/index.php\/pricing\/\" \/>\n<meta property=\"og:site_name\" content=\"BIENNALE AEEPS\" \/>\n<meta property=\"article:publisher\" content=\"https:\/\/www.facebook.com\/profile.php?id=100064564634996\" \/>\n<meta property=\"article:modified_time\" content=\"2023-10-15T14:16:21+00:00\" \/>\n<meta name=\"twitter:card\" content=\"summary_large_image\" \/>\n<meta name=\"twitter:site\" content=\"@AEEPS\" \/>\n<meta name=\"twitter:label1\" content=\"Dur\u00e9e de lecture estim\u00e9e\" \/>\n\t<meta name=\"twitter:data1\" content=\"2 minutes\" \/>\n<script type=\"application\/ld+json\" class=\"yoast-schema-graph\">{\"@context\":\"https:\/\/schema.org\",\"@graph\":[{\"@type\":\"WebPage\",\"@id\":\"https:\/\/biennale.aeeps.org\/index.php\/pricing\/\",\"url\":\"https:\/\/biennale.aeeps.org\/index.php\/pricing\/\",\"name\":\"Tarifs - BIENNALE AEEPS\",\"isPartOf\":{\"@id\":\"https:\/\/biennale.aeeps.org\/#website\"},\"datePublished\":\"2016-11-11T12:43:30+00:00\",\"dateModified\":\"2023-10-15T14:16:21+00:00\",\"breadcrumb\":{\"@id\":\"https:\/\/biennale.aeeps.org\/index.php\/pricing\/#breadcrumb\"},\"inLanguage\":\"fr-FR\",\"potentialAction\":[{\"@type\":\"ReadAction\",\"target\":[\"https:\/\/biennale.aeeps.org\/index.php\/pricing\/\"]}]},{\"@type\":\"BreadcrumbList\",\"@id\":\"https:\/\/biennale.aeeps.org\/index.php\/pricing\/#breadcrumb\",\"itemListElement\":[{\"@type\":\"ListItem\",\"position\":1,\"name\":\"Accueil\",\"item\":\"https:\/\/biennale.aeeps.org\/\"},{\"@type\":\"ListItem\",\"position\":2,\"name\":\"Tarifs\"}]},{\"@type\":\"WebSite\",\"@id\":\"https:\/\/biennale.aeeps.org\/#website\",\"url\":\"https:\/\/biennale.aeeps.org\/\",\"name\":\"BIENNALE AEEPS\",\"description\":\"2023\",\"publisher\":{\"@id\":\"https:\/\/biennale.aeeps.org\/#organization\"},\"potentialAction\":[{\"@type\":\"SearchAction\",\"target\":{\"@type\":\"EntryPoint\",\"urlTemplate\":\"https:\/\/biennale.aeeps.org\/?s={search_term_string}\"},\"query-input\":\"required name=search_term_string\"}],\"inLanguage\":\"fr-FR\"},{\"@type\":\"Organization\",\"@id\":\"https:\/\/biennale.aeeps.org\/#organization\",\"name\":\"BIENNALE AEEPS\",\"url\":\"https:\/\/biennale.aeeps.org\/\",\"logo\":{\"@type\":\"ImageObject\",\"inLanguage\":\"fr-FR\",\"@id\":\"https:\/\/biennale.aeeps.org\/#\/schema\/logo\/image\/\",\"url\":\"https:\/\/biennale.aeeps.org\/wp-content\/uploads\/2023\/08\/logo-aeeps-biennale-2023.png\",\"contentUrl\":\"https:\/\/biennale.aeeps.org\/wp-content\/uploads\/2023\/08\/logo-aeeps-biennale-2023.png\",\"width\":1015,\"height\":289,\"caption\":\"BIENNALE AEEPS\"},\"image\":{\"@id\":\"https:\/\/biennale.aeeps.org\/#\/schema\/logo\/image\/\"},\"sameAs\":[\"https:\/\/www.facebook.com\/profile.php?id=100064564634996\",\"https:\/\/twitter.com\/AEEPS\"]}]}<\/script>\n<!-- \/ Yoast SEO plugin. -->","yoast_head_json":{"title":"Tarifs - BIENNALE AEEPS","robots":{"index":"index","follow":"follow","max-snippet":"max-snippet:-1","max-image-preview":"max-image-preview:large","max-video-preview":"max-video-preview:-1"},"canonical":"https:\/\/biennale.aeeps.org\/index.php\/pricing\/","og_locale":"fr_FR","og_type":"article","og_title":"Tarifs - BIENNALE AEEPS","og_description":"[vc_row full_width=\u00a0\u00bbstretch_row_content_no_spaces\u00a0\u00bb desctop_pt=\u00a0\u00bbpadd-lg-t90&Prime; mobile_pt=\u00a0\u00bbpadd-xs-t40&Prime; css=\u00a0\u00bb.vc_custom_1490795542535{background-color: #242526 !important;}\u00a0\u00bb][vc_column css=\u00a0\u00bb.vc_custom_1472821005283{padding-top: 0px !important;}\u00a0\u00bb][milano_heading title=\u00a0\u00bbLes tarifs\u00a0\u00bb style_heading=\u00a0\u00bblight\u00a0\u00bb]L&rsquo;acc\u00e8s \u00e0 la biennale est valable pour les 2 journ\u00e9es[\/milano_heading][vc_column_text]Vente de billets en...","og_url":"https:\/\/biennale.aeeps.org\/index.php\/pricing\/","og_site_name":"BIENNALE AEEPS","article_publisher":"https:\/\/www.facebook.com\/profile.php?id=100064564634996","article_modified_time":"2023-10-15T14:16:21+00:00","twitter_card":"summary_large_image","twitter_site":"@AEEPS","twitter_misc":{"Dur\u00e9e de lecture estim\u00e9e":"2 minutes"},"schema":{"@context":"https:\/\/schema.org","@graph":[{"@type":"WebPage","@id":"https:\/\/biennale.aeeps.org\/index.php\/pricing\/","url":"https:\/\/biennale.aeeps.org\/index.php\/pricing\/","name":"Tarifs - BIENNALE AEEPS","isPartOf":{"@id":"https:\/\/biennale.aeeps.org\/#website"},"datePublished":"2016-11-11T12:43:30+00:00","dateModified":"2023-10-15T14:16:21+00:00","breadcrumb":{"@id":"https:\/\/biennale.aeeps.org\/index.php\/pricing\/#breadcrumb"},"inLanguage":"fr-FR","potentialAction":[{"@type":"ReadAction","target":["https:\/\/biennale.aeeps.org\/index.php\/pricing\/"]}]},{"@type":"BreadcrumbList","@id":"https:\/\/biennale.aeeps.org\/index.php\/pricing\/#breadcrumb","itemListElement":[{"@type":"ListItem","position":1,"name":"Accueil","item":"https:\/\/biennale.aeeps.org\/"},{"@type":"ListItem","position":2,"name":"Tarifs"}]},{"@type":"WebSite","@id":"https:\/\/biennale.aeeps.org\/#website","url":"https:\/\/biennale.aeeps.org\/","name":"BIENNALE AEEPS","description":"2023","publisher":{"@id":"https:\/\/biennale.aeeps.org\/#organization"},"potentialAction":[{"@type":"SearchAction","target":{"@type":"EntryPoint","urlTemplate":"https:\/\/biennale.aeeps.org\/?s={search_term_string}"},"query-input":"required name=search_term_string"}],"inLanguage":"fr-FR"},{"@type":"Organization","@id":"https:\/\/biennale.aeeps.org\/#organization","name":"BIENNALE AEEPS","url":"https:\/\/biennale.aeeps.org\/","logo":{"@type":"ImageObject","inLanguage":"fr-FR","@id":"https:\/\/biennale.aeeps.org\/#\/schema\/logo\/image\/","url":"https:\/\/biennale.aeeps.org\/wp-content\/uploads\/2023\/08\/logo-aeeps-biennale-2023.png","contentUrl":"https:\/\/biennale.aeeps.org\/wp-content\/uploads\/2023\/08\/logo-aeeps-biennale-2023.png","width":1015,"height":289,"caption":"BIENNALE AEEPS"},"image":{"@id":"https:\/\/biennale.aeeps.org\/#\/schema\/logo\/image\/"},"sameAs":["https:\/\/www.facebook.com\/profile.php?id=100064564634996","https:\/\/twitter.com\/AEEPS"]}]}},"_links":{"self":[{"href":"https:\/\/biennale.aeeps.org\/index.php\/wp-json\/wp\/v2\/pages\/330","targetHints":{"allow":["GET"]}}],"collection":[{"href":"https:\/\/biennale.aeeps.org\/index.php\/wp-json\/wp\/v2\/pages"}],"about":[{"href":"https:\/\/biennale.aeeps.org\/index.php\/wp-json\/wp\/v2\/types\/page"}],"author":[{"embeddable":true,"href":"https:\/\/biennale.aeeps.org\/index.php\/wp-json\/wp\/v2\/users\/1"}],"replies":[{"embeddable":true,"href":"https:\/\/biennale.aeeps.org\/index.php\/wp-json\/wp\/v2\/comments?post=330"}],"version-history":[{"count":8,"href":"https:\/\/biennale.aeeps.org\/index.php\/wp-json\/wp\/v2\/pages\/330\/revisions"}],"predecessor-version":[{"id":1070,"href":"https:\/\/biennale.aeeps.org\/index.php\/wp-json\/wp\/v2\/pages\/330\/revisions\/1070"}],"wp:attachment":[{"href":"https:\/\/biennale.aeeps.org\/index.php\/wp-json\/wp\/v2\/media?parent=330"}],"curies":[{"name":"wp","href":"https:\/\/api.w.org\/{rel}","templated":true}]}}